{"id":51,"date":"2024-01-09T18:55:39","date_gmt":"2024-01-09T18:55:39","guid":{"rendered":"https:\/\/nik-art.ch\/?page_id=51"},"modified":"2025-07-02T20:55:16","modified_gmt":"2025-07-02T20:55:16","slug":"ueber-mich","status":"publish","type":"page","link":"https:\/\/nik-art.ch\/index.php\/ueber-mich\/","title":{"rendered":"\u00dcber mich"},"content":{"rendered":"\n<div class=\"wp-block-group alignfull has-accent-background-color has-background has-global-padding is-layout-constrained wp-container-core-group-is-layout-669513ed wp-block-group-is-layout-constrained\" style=\"margin-top:0;margin-bottom:0;padding-top:var(--wp--preset--spacing--50);padding-right:var(--wp--preset--spacing--50);padding-bottom:var(--wp--preset--spacing--50);padding-left:var(--wp--preset--spacing--50)\">\n<div class=\"wp-block-columns alignwide is-layout-flex wp-container-core-columns-is-layout-1da03c2a wp-block-columns-is-layout-flex\">\n<div class=\"wp-block-column is-vertically-aligned-stretch is-layout-flow wp-block-column-is-layout-flow\" style=\"flex-basis:50%\">\n<div class=\"wp-block-group is-vertical is-content-justification-stretch is-layout-flex wp-container-core-group-is-layout-444d5ee8 wp-block-group-is-layout-flex\" style=\"min-height:100%\">\n<p class=\"has-heading-font-family has-x-large-font-size\" style=\"line-height:1.2\">Nik P\u00ebrgjokaj<\/p>\n\n\n\n<p>Nik P\u00ebrgjokaj ist ein versierter Schweizer K\u00fcnstler, Grafikdesigner und Illustrator, dessen kreative Vielseitigkeit keine Grenzen kennt. Mit Wohnsitz in Brugg, Aargau, betreibt er in Villigen ein einladendes Atelier, in dem Kunstliebhaber und neugierige Besucher seine vielf\u00e4ltige Arbeit erkunden k\u00f6nnen. Seine k\u00fcnstlerischen Bem\u00fchungen umfassen eine breite Palette von Medien, darunter Illustration, Grafikdesign, Visualisierung, Animation, Comics und Karikaturen. Dar\u00fcber hinaus gl\u00e4nzt sein Talent in verschiedenen Formen der Malerei \u2013 von ausdrucksstarken, expressiven und abstrakten Werken bis hin zu Auftragsprojekten, die die Essenz von Portraits, Landschaften, Tieren und einzigartigen Stilen einfangen. <br><br>Niks Kunstfertigkeit ist von einem spielerischen, aber tiefgr\u00fcndigen Ansatz gepr\u00e4gt, der jedes St\u00fcck zu einem fesselnden Spiegelbild seiner Vorstellungskraft macht. <br>F\u00fcr diejenigen, die tiefer in seine Arbeit eintauchen oder mehr \u00fcber seine k\u00fcnstlerische Reise erfahren m\u00f6chten, k\u00f6nnt ihr unter Portfolio nachschauen oder eine E-Mail schreiben.<br><br><\/p>\n\n\n\n<div class=\"wp-block-group has-global-padding is-content-justification-left is-layout-constrained wp-container-core-group-is-layout-9fe8ed88 wp-block-group-is-layout-constrained\">\n<div class=\"wp-block-buttons is-layout-flex wp-block-buttons-is-layout-flex\">\n<div class=\"wp-block-button\"><a class=\"wp-block-button__link wp-element-button\">Kontakt<\/a><\/div>\n<\/div>\n<\/div>\n<\/div>\n<\/div>\n\n\n\n<div class=\"wp-block-column is-vertically-aligned-center is-layout-flow wp-block-column-is-layout-flow\" style=\"flex-basis:50%\">\n<figure class=\"wp-block-image size-full is-style-rounded is-style-rounded--1\"><img fetchpriority=\"high\" decoding=\"async\" width=\"1709\" height=\"2560\" src=\"https:\/\/nik-art.ch\/wp-content\/uploads\/2025\/04\/37-Nik_Art_mit_Pinsel.jpg\" alt=\"\" class=\"wp-image-441\" style=\"aspect-ratio:3\/4;object-fit:cover\" srcset=\"https:\/\/nik-art.ch\/wp-content\/uploads\/2025\/04\/37-Nik_Art_mit_Pinsel.jpg 1709w, https:\/\/nik-art.ch\/wp-content\/uploads\/2025\/04\/37-Nik_Art_mit_Pinsel-200x300.jpg 200w, https:\/\/nik-art.ch\/wp-content\/uploads\/2025\/04\/37-Nik_Art_mit_Pinsel-684x1024.jpg 684w, https:\/\/nik-art.ch\/wp-content\/uploads\/2025\/04\/37-Nik_Art_mit_Pinsel-768x1150.jpg 768w, https:\/\/nik-art.ch\/wp-content\/uploads\/2025\/04\/37-Nik_Art_mit_Pinsel-1025x1536.jpg 1025w, https:\/\/nik-art.ch\/wp-content\/uploads\/2025\/04\/37-Nik_Art_mit_Pinsel-1367x2048.jpg 1367w, https:\/\/nik-art.ch\/wp-content\/uploads\/2025\/04\/37-Nik_Art_mit_Pinsel-600x899.jpg 600w\" sizes=\"(max-width: 1709px) 100vw, 1709px\" \/><figcaption class=\"wp-element-caption\">Foto: carogammenthaler.ch<\/figcaption><\/figure>\n<\/div>\n<\/div>\n<\/div>\n\n\n\n<div class=\"wp-block-group alignfull has-base-background-color has-background has-global-padding is-layout-constrained wp-container-core-group-is-layout-d89aad35 wp-block-group-is-layout-constrained\" style=\"margin-top:0;margin-bottom:0;padding-top:var(--wp--preset--spacing--50);padding-right:var(--wp--preset--spacing--50);padding-bottom:var(--wp--preset--spacing--50);padding-left:var(--wp--preset--spacing--50)\">\n<div class=\"wp-block-columns alignwide is-layout-flex wp-container-core-columns-is-layout-549b0c86 wp-block-columns-is-layout-flex\">\n<div class=\"wp-block-column has-global-padding is-content-justification-left is-layout-constrained wp-container-core-column-is-layout-4f15e8fe wp-block-column-is-layout-constrained\" style=\"flex-basis:40%\">\n<p class=\"has-large-font-size\"><strong>Ausstellungen und Events<\/strong><\/p>\n<\/div>\n\n\n\n<div class=\"wp-block-column is-layout-flow wp-container-core-column-is-layout-119bc444 wp-block-column-is-layout-flow\" style=\"flex-basis:60%\">\n<p class=\"has-heading-font-family has-large-font-size\" style=\"line-height:1.2\">Meine aktuellen Ausstellungen 2025:<\/p>\n\n\n\n<div class=\"wp-block-columns is-layout-flex wp-container-core-columns-is-layout-87beb0d0 wp-block-columns-is-layout-flex\">\n<div class=\"wp-block-column is-layout-flow wp-block-column-is-layout-flow\">\n<ul class=\"wp-block-list\">\n<li><strong>Coiffeur Galerie, Lenzburg<\/strong>, 7. Juni bis 30. August 2025<\/li>\n\n\n\n<li class=\"has-medium-font-size\"><strong>Galerie Immaginazione, Brugg<\/strong><\/li>\n\n\n\n<li class=\"has-medium-font-size\"><strong>LIVIS, Brugg, Dauerausstellung<\/strong><\/li>\n<\/ul>\n\n\n\n<div style=\"height:38px\" aria-hidden=\"true\" class=\"wp-block-spacer\"><\/div>\n\n\n\n<p><strong>EINZELAUSSTELLUNGEN:<\/strong><br>2025 Coiffeure Galerie, Lenzburg<br>2024 Popup Galerie NIK ART, (Organisator) Cham<br>2023 Galerie Immaginazione, Brugg<br>2023 Gemeindehaus Birmensdorf<br>2022 Galerie Parat, Zu\u0308rich<br>2021 bis 2025 Livis, Dauerausstellung, Brugg<br>2018 aarReha, Schinznach-Bad<br>2018 Livepainting, Vindonissa Museum, Brugg<br>2006 Galerie Brennpunkt, Baden<br>2006 Gallery Leibundgut, Mellingen<br>2003 Fremde Kulturen, 200 Jahre St.Gallen<\/p>\n\n\n\n<p><strong>GRUPPENAUSSTELLUNGEN<\/strong><br>2025 Zimmermannhaus, Brugg<br>2025 Galerie Immaginazione, Brugg<br>2024 Galerie Immaginazione, Brugg<br>2024 Basel Art Center &#8211; Klima und Kunst, Basel<br>2023 ARTist &#8211; Art Festival, (Organisator), Windisch<br>2023 artESB, Liestal Basel<br>2022 Hilton Hotel Zu\u0308rich<br>2022 ARTist &#8211; Art Festival, (Organisator), Windisch<br>2022 Galerie Immaginazione, Brugg<br>2022 artESB, Liestal Basel<br>2022 Hilton Hotel, Zu\u0308rich<br>2021 Galerie Immaginazione, Brugg<br>2020 Werkraum21, Lenzburg<br>2015 Artgau, Streetart, Brugg<br>2011 Kunstraum, Baden<br>2010 Mutter Theresa Gedenkwoche, (Organisator), Aarau<br>2009 Kunstraum, Baden<br>2008 Gallery Rheinfelden<br>2007 Mu\u0308llerhaus, Lenzburg<br>2005 Gallery Alphaarte, Brugg<br><\/p>\n<\/div>\n<\/div>\n<\/div>\n<\/div>\n<\/div>\n\n\n\n<div class=\"wp-block-group alignfull has-global-padding is-layout-constrained wp-container-core-group-is-layout-d89aad35 wp-block-group-is-layout-constrained\" style=\"margin-top:0;margin-bottom:0;padding-top:var(--wp--preset--spacing--50);padding-right:var(--wp--preset--spacing--50);padding-bottom:var(--wp--preset--spacing--50);padding-left:var(--wp--preset--spacing--50)\"><\/div>\n","protected":false},"excerpt":{"rendered":"<p>Nik P\u00ebrgjokaj Nik P\u00ebrgjokaj ist ein versierter Schweizer K\u00fcnstler, Grafikdesigner und Illustrator, dessen kreative Vielseitigkeit keine Grenzen kennt. Mit Wohnsitz in Brugg, Aargau, betreibt er in Villigen ein einladendes Atelier, in dem Kunstliebhaber und neugierige Besucher seine vielf\u00e4ltige Arbeit erkunden k\u00f6nnen. Seine k\u00fcnstlerischen Bem\u00fchungen umfassen eine breite Palette von Medien, darunter Illustration, Grafikdesign, Visualisierung, Animation, [&hellip;]<\/p>\n","protected":false},"author":1,"featured_media":0,"parent":0,"menu_order":0,"comment_status":"closed","ping_status":"closed","template":"","meta":{"pgc_sgb_lightbox_settings":"","footnotes":""},"class_list":["post-51","page","type-page","status-publish","hentry"],"yoast_head":"<!-- This site is optimized with the Yoast SEO plugin v21.7 - https:\/\/yoast.com\/wordpress\/plugins\/seo\/ -->\n<title>\u00dcber mich - Nik P\u00ebrgjokaj<\/title>\n<meta name=\"robots\" content=\"index, follow, max-snippet:-1, max-image-preview:large, max-video-preview:-1\" \/>\n<link rel=\"canonical\" href=\"https:\/\/nik-art.ch\/index.php\/ueber-mich\/\" \/>\n<meta property=\"og:locale\" content=\"de_DE\" \/>\n<meta property=\"og:type\" content=\"article\" \/>\n<meta property=\"og:title\" content=\"\u00dcber mich - Nik P\u00ebrgjokaj\" \/>\n<meta property=\"og:description\" content=\"Nik P\u00ebrgjokaj Nik P\u00ebrgjokaj ist ein versierter Schweizer K\u00fcnstler, Grafikdesigner und Illustrator, dessen kreative Vielseitigkeit keine Grenzen kennt. Mit Wohnsitz in Brugg, Aargau, betreibt er in Villigen ein einladendes Atelier, in dem Kunstliebhaber und neugierige Besucher seine vielf\u00e4ltige Arbeit erkunden k\u00f6nnen. Seine k\u00fcnstlerischen Bem\u00fchungen umfassen eine breite Palette von Medien, darunter Illustration, Grafikdesign, Visualisierung, Animation, [&hellip;]\" \/>\n<meta property=\"og:url\" content=\"https:\/\/nik-art.ch\/index.php\/ueber-mich\/\" \/>\n<meta property=\"og:site_name\" content=\"Nik P\u00ebrgjokaj\" \/>\n<meta property=\"article:modified_time\" content=\"2025-07-02T20:55:16+00:00\" \/>\n<meta property=\"og:image\" content=\"https:\/\/nik-art.ch\/wp-content\/uploads\/2025\/04\/37-Nik_Art_mit_Pinsel.jpg\" \/>\n<meta name=\"twitter:card\" content=\"summary_large_image\" \/>\n<meta name=\"twitter:label1\" content=\"Gesch\u00e4tzte Lesezeit\" \/>\n\t<meta name=\"twitter:data1\" content=\"1\u00a0Minute\" \/>\n<script type=\"application\/ld+json\" class=\"yoast-schema-graph\">{\"@context\":\"https:\/\/schema.org\",\"@graph\":[{\"@type\":\"WebPage\",\"@id\":\"https:\/\/nik-art.ch\/index.php\/ueber-mich\/\",\"url\":\"https:\/\/nik-art.ch\/index.php\/ueber-mich\/\",\"name\":\"\u00dcber mich - Nik P\u00ebrgjokaj\",\"isPartOf\":{\"@id\":\"https:\/\/nik-art.ch\/#website\"},\"datePublished\":\"2024-01-09T18:55:39+00:00\",\"dateModified\":\"2025-07-02T20:55:16+00:00\",\"breadcrumb\":{\"@id\":\"https:\/\/nik-art.ch\/index.php\/ueber-mich\/#breadcrumb\"},\"inLanguage\":\"de\",\"potentialAction\":[{\"@type\":\"ReadAction\",\"target\":[\"https:\/\/nik-art.ch\/index.php\/ueber-mich\/\"]}]},{\"@type\":\"BreadcrumbList\",\"@id\":\"https:\/\/nik-art.ch\/index.php\/ueber-mich\/#breadcrumb\",\"itemListElement\":[{\"@type\":\"ListItem\",\"position\":1,\"name\":\"Startseite\",\"item\":\"https:\/\/nik-art.ch\/\"},{\"@type\":\"ListItem\",\"position\":2,\"name\":\"\u00dcber mich\"}]},{\"@type\":\"WebSite\",\"@id\":\"https:\/\/nik-art.ch\/#website\",\"url\":\"https:\/\/nik-art.ch\/\",\"name\":\"Nik P\u00ebrgjokaj\",\"description\":\"Kunst :: Grafik :: Illustration\",\"potentialAction\":[{\"@type\":\"SearchAction\",\"target\":{\"@type\":\"EntryPoint\",\"urlTemplate\":\"https:\/\/nik-art.ch\/?s={search_term_string}\"},\"query-input\":\"required name=search_term_string\"}],\"inLanguage\":\"de\"}]}<\/script>\n<!-- \/ Yoast SEO plugin. -->","yoast_head_json":{"title":"\u00dcber mich - Nik P\u00ebrgjokaj","robots":{"index":"index","follow":"follow","max-snippet":"max-snippet:-1","max-image-preview":"max-image-preview:large","max-video-preview":"max-video-preview:-1"},"canonical":"https:\/\/nik-art.ch\/index.php\/ueber-mich\/","og_locale":"de_DE","og_type":"article","og_title":"\u00dcber mich - Nik P\u00ebrgjokaj","og_description":"Nik P\u00ebrgjokaj Nik P\u00ebrgjokaj ist ein versierter Schweizer K\u00fcnstler, Grafikdesigner und Illustrator, dessen kreative Vielseitigkeit keine Grenzen kennt. Mit Wohnsitz in Brugg, Aargau, betreibt er in Villigen ein einladendes Atelier, in dem Kunstliebhaber und neugierige Besucher seine vielf\u00e4ltige Arbeit erkunden k\u00f6nnen. Seine k\u00fcnstlerischen Bem\u00fchungen umfassen eine breite Palette von Medien, darunter Illustration, Grafikdesign, Visualisierung, Animation, [&hellip;]","og_url":"https:\/\/nik-art.ch\/index.php\/ueber-mich\/","og_site_name":"Nik P\u00ebrgjokaj","article_modified_time":"2025-07-02T20:55:16+00:00","og_image":[{"url":"https:\/\/nik-art.ch\/wp-content\/uploads\/2025\/04\/37-Nik_Art_mit_Pinsel.jpg"}],"twitter_card":"summary_large_image","twitter_misc":{"Gesch\u00e4tzte Lesezeit":"1\u00a0Minute"},"schema":{"@context":"https:\/\/schema.org","@graph":[{"@type":"WebPage","@id":"https:\/\/nik-art.ch\/index.php\/ueber-mich\/","url":"https:\/\/nik-art.ch\/index.php\/ueber-mich\/","name":"\u00dcber mich - Nik P\u00ebrgjokaj","isPartOf":{"@id":"https:\/\/nik-art.ch\/#website"},"datePublished":"2024-01-09T18:55:39+00:00","dateModified":"2025-07-02T20:55:16+00:00","breadcrumb":{"@id":"https:\/\/nik-art.ch\/index.php\/ueber-mich\/#breadcrumb"},"inLanguage":"de","potentialAction":[{"@type":"ReadAction","target":["https:\/\/nik-art.ch\/index.php\/ueber-mich\/"]}]},{"@type":"BreadcrumbList","@id":"https:\/\/nik-art.ch\/index.php\/ueber-mich\/#breadcrumb","itemListElement":[{"@type":"ListItem","position":1,"name":"Startseite","item":"https:\/\/nik-art.ch\/"},{"@type":"ListItem","position":2,"name":"\u00dcber mich"}]},{"@type":"WebSite","@id":"https:\/\/nik-art.ch\/#website","url":"https:\/\/nik-art.ch\/","name":"Nik P\u00ebrgjokaj","description":"Kunst :: Grafik :: Illustration","potentialAction":[{"@type":"SearchAction","target":{"@type":"EntryPoint","urlTemplate":"https:\/\/nik-art.ch\/?s={search_term_string}"},"query-input":"required name=search_term_string"}],"inLanguage":"de"}]}},"_links":{"self":[{"href":"https:\/\/nik-art.ch\/index.php\/wp-json\/wp\/v2\/pages\/51","targetHints":{"allow":["GET"]}}],"collection":[{"href":"https:\/\/nik-art.ch\/index.php\/wp-json\/wp\/v2\/pages"}],"about":[{"href":"https:\/\/nik-art.ch\/index.php\/wp-json\/wp\/v2\/types\/page"}],"author":[{"embeddable":true,"href":"https:\/\/nik-art.ch\/index.php\/wp-json\/wp\/v2\/users\/1"}],"replies":[{"embeddable":true,"href":"https:\/\/nik-art.ch\/index.php\/wp-json\/wp\/v2\/comments?post=51"}],"version-history":[{"count":27,"href":"https:\/\/nik-art.ch\/index.php\/wp-json\/wp\/v2\/pages\/51\/revisions"}],"predecessor-version":[{"id":484,"href":"https:\/\/nik-art.ch\/index.php\/wp-json\/wp\/v2\/pages\/51\/revisions\/484"}],"wp:attachment":[{"href":"https:\/\/nik-art.ch\/index.php\/wp-json\/wp\/v2\/media?parent=51"}],"curies":[{"name":"wp","href":"https:\/\/api.w.org\/{rel}","templated":true}]}}